{"id":581,"date":"2025-03-05T12:22:14","date_gmt":"2025-03-05T12:22:14","guid":{"rendered":"https:\/\/costadelleparracine.it\/gebiet\/"},"modified":"2025-04-04T15:41:42","modified_gmt":"2025-04-04T15:41:42","slug":"gebiet","status":"publish","type":"page","link":"https:\/\/costadelleparracine.it\/de\/gebiet\/","title":{"rendered":"Gebiet"},"content":{"rendered":"\t\t<div data-elementor-type=\"wp-page\" data-elementor-id=\"581\" class=\"elementor elementor-581 elementor-42\" data-elementor-post-type=\"page\">\n\t\t\t\t<div class=\"elementor-element elementor-element-3f282a1 elementor-hidden-mobile e-flex e-con-boxed e-con e-parent\" data-id=\"3f282a1\" data-element_type=\"container\">\n\t\t\t\t\t<div class=\"e-con-inner\">\n\t\t<div class=\"elementor-element elementor-element-92dcf1d e-con-full e-flex e-con e-child\" data-id=\"92dcf1d\" data-element_type=\"container\" data-settings=\"{&quot;background_background&quot;:&quot;classic&quot;}\">\n\t\t\t\t<div class=\"elementor-element elementor-element-b1fef49 elementor-widget elementor-widget-heading\" data-id=\"b1fef49\" data-element_type=\"widget\" data-widget_type=\"heading.default\">\n\t\t\t\t<div class=\"elementor-widget-container\">\n\t\t\t\t\t<h2 class=\"elementor-heading-title elementor-size-default\">ISCHIA<\/h2>\t\t\t\t<\/div>\n\t\t\t\t<\/div>\n\t\t\t\t<div class=\"elementor-element elementor-element-084b358 elementor-widget elementor-widget-heading\" data-id=\"084b358\" data-element_type=\"widget\" data-widget_type=\"heading.default\">\n\t\t\t\t<div class=\"elementor-widget-container\">\n\t\t\t\t\t<h2 class=\"elementor-heading-title elementor-size-default\">geschichte eines territoriums<\/h2>\t\t\t\t<\/div>\n\t\t\t\t<\/div>\n\t\t\t\t<\/div>\n\t\t\t\t\t<\/div>\n\t\t\t\t<\/div>\n\t\t<div class=\"elementor-element elementor-element-dd10ab1 elementor-hidden-desktop elementor-hidden-tablet e-flex e-con-boxed e-con e-parent\" data-id=\"dd10ab1\" data-element_type=\"container\">\n\t\t\t\t\t<div class=\"e-con-inner\">\n\t\t<div class=\"elementor-element elementor-element-a46a808 e-con-full e-flex e-con e-child\" data-id=\"a46a808\" data-element_type=\"container\" data-settings=\"{&quot;background_background&quot;:&quot;classic&quot;}\">\n\t\t\t\t<div class=\"elementor-element elementor-element-d590235 elementor-widget elementor-widget-heading\" data-id=\"d590235\" data-element_type=\"widget\" data-widget_type=\"heading.default\">\n\t\t\t\t<div class=\"elementor-widget-container\">\n\t\t\t\t\t<h2 class=\"elementor-heading-title elementor-size-default\">ISCHIA<\/h2>\t\t\t\t<\/div>\n\t\t\t\t<\/div>\n\t\t\t\t<div class=\"elementor-element elementor-element-8ebaa5f elementor-widget elementor-widget-heading\" data-id=\"8ebaa5f\" data-element_type=\"widget\" data-widget_type=\"heading.default\">\n\t\t\t\t<div class=\"elementor-widget-container\">\n\t\t\t\t\t<h2 class=\"elementor-heading-title elementor-size-default\">geschichte eines territoriums<\/h2>\t\t\t\t<\/div>\n\t\t\t\t<\/div>\n\t\t\t\t<\/div>\n\t\t\t\t\t<\/div>\n\t\t\t\t<\/div>\n\t\t<div class=\"elementor-element elementor-element-ad26c65 e-flex e-con-boxed e-con e-parent\" data-id=\"ad26c65\" data-element_type=\"container\">\n\t\t\t\t\t<div class=\"e-con-inner\">\n\t\t<div class=\"elementor-element elementor-element-670059a e-con-full e-flex e-con e-child\" data-id=\"670059a\" data-element_type=\"container\">\n\t\t\t\t<div class=\"elementor-element elementor-element-1c2176f elementor-widget elementor-widget-heading\" data-id=\"1c2176f\" data-element_type=\"widget\" data-widget_type=\"heading.default\">\n\t\t\t\t<div class=\"elementor-widget-container\">\n\t\t\t\t\t<h2 class=\"elementor-heading-title elementor-size-default\">Eine alte Geschichte<\/h2>\t\t\t\t<\/div>\n\t\t\t\t<\/div>\n\t\t\t\t<div class=\"elementor-element elementor-element-fa8a644 elementor-widget elementor-widget-text-editor\" data-id=\"fa8a644\" data-element_type=\"widget\" data-widget_type=\"text-editor.default\">\n\t\t\t\t<div class=\"elementor-widget-container\">\n\t\t\t\t\t\t\t\t\t<p>Die Weinproduktion auf Ischia hat sehr alte Urspr\u00fcnge, die bis ins fr\u00fche Mittelalter zur\u00fcckreichen. Die Entdeckung von Amphoren f\u00fcr den Weinhandel geht wahrscheinlich auf das 9. Jahrhundert n. Chr. zur\u00fcck.<br><\/p>\t\t\t\t\t\t\t\t<\/div>\n\t\t\t\t<\/div>\n\t\t\t\t<div class=\"elementor-element elementor-element-24faa60 elementor-widget elementor-widget-text-editor\" data-id=\"24faa60\" data-element_type=\"widget\" data-widget_type=\"text-editor.default\">\n\t\t\t\t<div class=\"elementor-widget-container\">\n\t\t\t\t\t\t\t\t\t<p>Ein Dokument aus dem Jahr 1036 n. Chr. (Verm\u00e4chtnis des Grafen Marino und seiner Frau Theodora an die Kirche) zeigt, dass der Weinbau auf der Insel weit verbreitet war. Die zahlreichen kl\u00f6sterlichen Gemeinschaften auf der Insel setzten diese Tradition w\u00e4hrend des gesamten Mittelalters fort.<\/p>\t\t\t\t\t\t\t\t<\/div>\n\t\t\t\t<\/div>\n\t\t\t\t<div class=\"elementor-element elementor-element-f2bb3d8 elementor-hidden-mobile elementor-widget elementor-widget-text-editor\" data-id=\"f2bb3d8\" data-element_type=\"widget\" data-widget_type=\"text-editor.default\">\n\t\t\t\t<div class=\"elementor-widget-container\">\n\t\t\t\t\t\t\t\t\t<p>Diese antike Karte zeugt von der fast ausschlie\u00dflich vulkanischen Zusammensetzung der B\u00f6den der<br \/>Insel.<\/p>\t\t\t\t\t\t\t\t<\/div>\n\t\t\t\t<\/div>\n\t\t<div class=\"elementor-element elementor-element-251ea59 e-con-full elementor-hidden-mobile e-flex e-con e-child\" data-id=\"251ea59\" data-element_type=\"container\">\n\t\t<div class=\"elementor-element elementor-element-e9a6e5b e-con-full e-flex e-con e-child\" data-id=\"e9a6e5b\" data-element_type=\"container\">\n\t\t\t\t<div class=\"elementor-element elementor-element-d6e7805 elementor-widget elementor-widget-image\" data-id=\"d6e7805\" data-element_type=\"widget\" data-widget_type=\"image.default\">\n\t\t\t\t<div class=\"elementor-widget-container\">\n\t\t\t\t\t\t\t\t\t\t\t\t\t\t\t<img decoding=\"async\" width=\"24\" height=\"2\" src=\"https:\/\/costadelleparracine.it\/wp-content\/uploads\/2025\/03\/Vector-8.png\" class=\"attachment-large size-large wp-image-416\" alt=\"\" \/>\t\t\t\t\t\t\t\t\t\t\t\t\t\t\t<\/div>\n\t\t\t\t<\/div>\n\t\t\t\t<\/div>\n\t\t<div class=\"elementor-element elementor-element-da54ff0 e-con-full e-flex e-con e-child\" data-id=\"da54ff0\" data-element_type=\"container\">\n\t\t\t\t<div class=\"elementor-element elementor-element-89e439b elementor-widget elementor-widget-heading\" data-id=\"89e439b\" data-element_type=\"widget\" data-widget_type=\"heading.default\">\n\t\t\t\t<div class=\"elementor-widget-container\">\n\t\t\t\t\t<h2 class=\"elementor-heading-title elementor-size-default\"><a href=\"https:\/\/costadelleparracine.it\/de\/weine\/\">ENTDECKEN SIE DIE WEINE<\/a><\/h2>\t\t\t\t<\/div>\n\t\t\t\t<\/div>\n\t\t\t\t<\/div>\n\t\t<div class=\"elementor-element elementor-element-c8ab7ff e-con-full e-flex e-con e-child\" data-id=\"c8ab7ff\" data-element_type=\"container\">\n\t\t\t\t<div class=\"elementor-element elementor-element-2a5d92b elementor-widget elementor-widget-image\" data-id=\"2a5d92b\" data-element_type=\"widget\" data-widget_type=\"image.default\">\n\t\t\t\t<div class=\"elementor-widget-container\">\n\t\t\t\t\t\t\t\t\t\t\t\t\t\t\t<img decoding=\"async\" width=\"24\" height=\"2\" src=\"https:\/\/costadelleparracine.it\/wp-content\/uploads\/2025\/03\/Vector-8.png\" class=\"attachment-large size-large wp-image-416\" alt=\"\" \/>\t\t\t\t\t\t\t\t\t\t\t\t\t\t\t<\/div>\n\t\t\t\t<\/div>\n\t\t\t\t<\/div>\n\t\t\t\t<\/div>\n\t\t\t\t<\/div>\n\t\t<div class=\"elementor-element elementor-element-c28e72e e-con-full e-flex e-con e-child\" data-id=\"c28e72e\" data-element_type=\"container\">\n\t\t\t\t<div class=\"elementor-element elementor-element-b7c9f1e elementor-widget elementor-widget-image\" data-id=\"b7c9f1e\" data-element_type=\"widget\" data-widget_type=\"image.default\">\n\t\t\t\t<div class=\"elementor-widget-container\">\n\t\t\t\t\t\t\t\t\t\t\t\t\t\t\t<img fetchpriority=\"high\" decoding=\"async\" width=\"722\" height=\"581\" src=\"https:\/\/costadelleparracine.it\/wp-content\/uploads\/2025\/03\/02-Territorio_Storia.jpg\" class=\"attachment-large size-large wp-image-402\" alt=\"\" srcset=\"https:\/\/costadelleparracine.it\/wp-content\/uploads\/2025\/03\/02-Territorio_Storia.jpg 722w, https:\/\/costadelleparracine.it\/wp-content\/uploads\/2025\/03\/02-Territorio_Storia-300x241.jpg 300w\" sizes=\"(max-width: 722px) 100vw, 722px\" \/>\t\t\t\t\t\t\t\t\t\t\t\t\t\t\t<\/div>\n\t\t\t\t<\/div>\n\t\t\t\t<div class=\"elementor-element elementor-element-ca5c6e4 elementor-hidden-desktop elementor-hidden-tablet elementor-widget elementor-widget-text-editor\" data-id=\"ca5c6e4\" data-element_type=\"widget\" data-widget_type=\"text-editor.default\">\n\t\t\t\t<div class=\"elementor-widget-container\">\n\t\t\t\t\t\t\t\t\t<p>Diese antike Karte zeugt von der fast ausschlie\u00dflich vulkanischen Zusammensetzung der B\u00f6den der<br>Insel.<\/p>\t\t\t\t\t\t\t\t<\/div>\n\t\t\t\t<\/div>\n\t\t<div class=\"elementor-element elementor-element-ba44a36 e-con-full elementor-hidden-desktop elementor-hidden-tablet e-flex e-con e-child\" data-id=\"ba44a36\" data-element_type=\"container\">\n\t\t<div class=\"elementor-element elementor-element-aa41178 e-con-full e-flex e-con e-child\" data-id=\"aa41178\" data-element_type=\"container\">\n\t\t\t\t<div class=\"elementor-element elementor-element-1c8eef8 elementor-widget elementor-widget-image\" data-id=\"1c8eef8\" data-element_type=\"widget\" data-widget_type=\"image.default\">\n\t\t\t\t<div class=\"elementor-widget-container\">\n\t\t\t\t\t\t\t\t\t\t\t\t\t\t\t<img decoding=\"async\" width=\"24\" height=\"2\" src=\"https:\/\/costadelleparracine.it\/wp-content\/uploads\/2025\/03\/Vector-8.png\" class=\"attachment-large size-large wp-image-416\" alt=\"\" \/>\t\t\t\t\t\t\t\t\t\t\t\t\t\t\t<\/div>\n\t\t\t\t<\/div>\n\t\t\t\t<\/div>\n\t\t<div class=\"elementor-element elementor-element-8d56b47 e-con-full e-flex e-con e-child\" data-id=\"8d56b47\" data-element_type=\"container\">\n\t\t\t\t<div class=\"elementor-element elementor-element-247c503 elementor-widget elementor-widget-heading\" data-id=\"247c503\" data-element_type=\"widget\" data-widget_type=\"heading.default\">\n\t\t\t\t<div class=\"elementor-widget-container\">\n\t\t\t\t\t<h2 class=\"elementor-heading-title elementor-size-default\"><a href=\"https:\/\/costadelleparracine.it\/de\/weine\/\">ENTDECKEN SIE DIE WEINE<\/a><\/h2>\t\t\t\t<\/div>\n\t\t\t\t<\/div>\n\t\t\t\t<\/div>\n\t\t<div class=\"elementor-element elementor-element-33910a5 e-con-full e-flex e-con e-child\" data-id=\"33910a5\" data-element_type=\"container\">\n\t\t\t\t<div class=\"elementor-element elementor-element-a0354c4 elementor-widget elementor-widget-image\" data-id=\"a0354c4\" data-element_type=\"widget\" data-widget_type=\"image.default\">\n\t\t\t\t<div class=\"elementor-widget-container\">\n\t\t\t\t\t\t\t\t\t\t\t\t\t\t\t<img decoding=\"async\" width=\"24\" height=\"2\" src=\"https:\/\/costadelleparracine.it\/wp-content\/uploads\/2025\/03\/Vector-8.png\" class=\"attachment-large size-large wp-image-416\" alt=\"\" \/>\t\t\t\t\t\t\t\t\t\t\t\t\t\t\t<\/div>\n\t\t\t\t<\/div>\n\t\t\t\t<\/div>\n\t\t\t\t<\/div>\n\t\t\t\t<\/div>\n\t\t\t\t\t<\/div>\n\t\t\t\t<\/div>\n\t\t<div class=\"elementor-element elementor-element-3670bec e-con-full e-flex e-con e-parent\" data-id=\"3670bec\" data-element_type=\"container\" data-settings=\"{&quot;background_background&quot;:&quot;classic&quot;}\">\n\t\t\t\t<\/div>\n\t\t<div class=\"elementor-element elementor-element-78bdaf7 e-flex e-con-boxed e-con e-parent\" data-id=\"78bdaf7\" data-element_type=\"container\">\n\t\t\t\t\t<div class=\"e-con-inner\">\n\t\t<div class=\"elementor-element elementor-element-4b22760 e-con-full e-flex e-con e-child\" data-id=\"4b22760\" data-element_type=\"container\">\n\t\t\t\t<div class=\"elementor-element elementor-element-0cf5ddb elementor-widget elementor-widget-image\" data-id=\"0cf5ddb\" data-element_type=\"widget\" data-widget_type=\"image.default\">\n\t\t\t\t<div class=\"elementor-widget-container\">\n\t\t\t\t\t\t\t\t\t\t\t\t\t\t\t<img decoding=\"async\" width=\"722\" height=\"581\" src=\"https:\/\/costadelleparracine.it\/wp-content\/uploads\/2025\/03\/04-Territorio_bellezza.jpg\" class=\"attachment-large size-large wp-image-406\" alt=\"\" srcset=\"https:\/\/costadelleparracine.it\/wp-content\/uploads\/2025\/03\/04-Territorio_bellezza.jpg 722w, https:\/\/costadelleparracine.it\/wp-content\/uploads\/2025\/03\/04-Territorio_bellezza-300x241.jpg 300w\" sizes=\"(max-width: 722px) 100vw, 722px\" \/>\t\t\t\t\t\t\t\t\t\t\t\t\t\t\t<\/div>\n\t\t\t\t<\/div>\n\t\t\t\t<div class=\"elementor-element elementor-element-65f0b14 elementor-hidden-desktop elementor-hidden-tablet elementor-widget elementor-widget-text-editor\" data-id=\"65f0b14\" data-element_type=\"widget\" data-widget_type=\"text-editor.default\">\n\t\t\t\t<div class=\"elementor-widget-container\">\n\t\t\t\t\t\t\t\t\t<p>Wer Ischia besucht, merkt schnell, dass es eine Insel ist, die nicht nur durch das Meer, sondern auch durch die Kraft der Berge und die St\u00e4rke der Erde gepr\u00e4gt ist.<\/p>\t\t\t\t\t\t\t\t<\/div>\n\t\t\t\t<\/div>\n\t\t\t\t<div class=\"elementor-element elementor-element-4d46462 elementor-hidden-desktop elementor-hidden-tablet elementor-widget elementor-widget-text-editor\" data-id=\"4d46462\" data-element_type=\"widget\" data-widget_type=\"text-editor.default\">\n\t\t\t\t<div class=\"elementor-widget-container\">\n\t\t\t\t\t\t\t\t\t<p>Der Name COSTA DELLE PARRACINE soll f\u00fcr beide Orte stehen.<\/p>\t\t\t\t\t\t\t\t<\/div>\n\t\t\t\t<\/div>\n\t\t<div class=\"elementor-element elementor-element-08ed8ba e-con-full elementor-hidden-desktop elementor-hidden-tablet e-flex e-con e-child\" data-id=\"08ed8ba\" data-element_type=\"container\">\n\t\t<div class=\"elementor-element elementor-element-e9a993c e-con-full e-flex e-con e-child\" data-id=\"e9a993c\" data-element_type=\"container\">\n\t\t\t\t<div class=\"elementor-element elementor-element-422a43a elementor-widget elementor-widget-image\" data-id=\"422a43a\" data-element_type=\"widget\" data-widget_type=\"image.default\">\n\t\t\t\t<div class=\"elementor-widget-container\">\n\t\t\t\t\t\t\t\t\t\t\t\t\t\t\t<img decoding=\"async\" width=\"24\" height=\"2\" src=\"https:\/\/costadelleparracine.it\/wp-content\/uploads\/2025\/03\/Vector-8.png\" class=\"attachment-large size-large wp-image-416\" alt=\"\" \/>\t\t\t\t\t\t\t\t\t\t\t\t\t\t\t<\/div>\n\t\t\t\t<\/div>\n\t\t\t\t<\/div>\n\t\t<div class=\"elementor-element elementor-element-2cf62f4 e-con-full e-flex e-con e-child\" data-id=\"2cf62f4\" data-element_type=\"container\">\n\t\t\t\t<div class=\"elementor-element elementor-element-5677525 elementor-widget elementor-widget-heading\" data-id=\"5677525\" data-element_type=\"widget\" data-widget_type=\"heading.default\">\n\t\t\t\t<div class=\"elementor-widget-container\">\n\t\t\t\t\t<h2 class=\"elementor-heading-title elementor-size-default\"><a href=\"https:\/\/costadelleparracine.it\/de\/weinberge\/\">ENTDECKEN SIE DIE WEINBERGE<\/a><\/h2>\t\t\t\t<\/div>\n\t\t\t\t<\/div>\n\t\t\t\t<\/div>\n\t\t<div class=\"elementor-element elementor-element-a11d3bc e-con-full e-flex e-con e-child\" data-id=\"a11d3bc\" data-element_type=\"container\">\n\t\t\t\t<div class=\"elementor-element elementor-element-9f50949 elementor-widget elementor-widget-image\" data-id=\"9f50949\" data-element_type=\"widget\" data-widget_type=\"image.default\">\n\t\t\t\t<div class=\"elementor-widget-container\">\n\t\t\t\t\t\t\t\t\t\t\t\t\t\t\t<img decoding=\"async\" width=\"24\" height=\"2\" src=\"https:\/\/costadelleparracine.it\/wp-content\/uploads\/2025\/03\/Vector-8.png\" class=\"attachment-large size-large wp-image-416\" alt=\"\" \/>\t\t\t\t\t\t\t\t\t\t\t\t\t\t\t<\/div>\n\t\t\t\t<\/div>\n\t\t\t\t<\/div>\n\t\t\t\t<\/div>\n\t\t\t\t<\/div>\n\t\t<div class=\"elementor-element elementor-element-a1edb23 e-con-full e-flex e-con e-child\" data-id=\"a1edb23\" data-element_type=\"container\">\n\t\t\t\t<div class=\"elementor-element elementor-element-817228b elementor-widget elementor-widget-heading\" data-id=\"817228b\" data-element_type=\"widget\" data-widget_type=\"heading.default\">\n\t\t\t\t<div class=\"elementor-widget-container\">\n\t\t\t\t\t<h2 class=\"elementor-heading-title elementor-size-default\">Zwischen der sch\u00f6nheit des meeres und der kraft des landes<\/h2>\t\t\t\t<\/div>\n\t\t\t\t<\/div>\n\t\t\t\t<div class=\"elementor-element elementor-element-feb59db elementor-widget elementor-widget-text-editor\" data-id=\"feb59db\" data-element_type=\"widget\" data-widget_type=\"text-editor.default\">\n\t\t\t\t<div class=\"elementor-widget-container\">\n\t\t\t\t\t\t\t\t\t<p>Die Parracine, Trockenmauern, die seit Jahrhunderten von den H\u00e4nden der Meister der Parracinai errichtet werden, bestehen aus dem wertvollen gr\u00fcnen Tuffstein, der vom Berg Epomeo gewonnen wird. Sie haben die Aufgabe, die Anbaufl\u00e4chen und Weinberge der Insel Ischia abzugrenzen und vor Wind und Wetter zu sch\u00fctzen, aber im Laufe der Zeit sind sie zu einem Erkennungsmerkmal des ischianischen Territoriums geworden und begleiten die Touristen, indem sie zahlreiche Wege schaffen. <\/p>\t\t\t\t\t\t\t\t<\/div>\n\t\t\t\t<\/div>\n\t\t\t\t<div class=\"elementor-element elementor-element-d0b8835 elementor-hidden-mobile elementor-widget elementor-widget-text-editor\" data-id=\"d0b8835\" data-element_type=\"widget\" data-widget_type=\"text-editor.default\">\n\t\t\t\t<div class=\"elementor-widget-container\">\n\t\t\t\t\t\t\t\t\t<p>Wer Ischia besucht, merkt schnell, dass es eine Insel ist, die nicht nur durch das Meer, sondern auch durch die Kraft der Berge und die St\u00e4rke der Erde gepr\u00e4gt ist.<\/p>\t\t\t\t\t\t\t\t<\/div>\n\t\t\t\t<\/div>\n\t\t\t\t<div class=\"elementor-element elementor-element-9eeaf36 elementor-hidden-mobile elementor-widget elementor-widget-text-editor\" data-id=\"9eeaf36\" data-element_type=\"widget\" data-widget_type=\"text-editor.default\">\n\t\t\t\t<div class=\"elementor-widget-container\">\n\t\t\t\t\t\t\t\t\t<p>Der Name COSTA DELLE PARRACINE soll f\u00fcr beide Orte stehen.<\/p>\t\t\t\t\t\t\t\t<\/div>\n\t\t\t\t<\/div>\n\t\t<div class=\"elementor-element elementor-element-3ec195a e-con-full elementor-hidden-mobile e-flex e-con e-child\" data-id=\"3ec195a\" data-element_type=\"container\">\n\t\t<div class=\"elementor-element elementor-element-3b7bf13 e-con-full e-flex e-con e-child\" data-id=\"3b7bf13\" data-element_type=\"container\">\n\t\t\t\t<div class=\"elementor-element elementor-element-9e10aa4 elementor-widget elementor-widget-image\" data-id=\"9e10aa4\" data-element_type=\"widget\" data-widget_type=\"image.default\">\n\t\t\t\t<div class=\"elementor-widget-container\">\n\t\t\t\t\t\t\t\t\t\t\t\t\t\t\t<img decoding=\"async\" width=\"24\" height=\"2\" src=\"https:\/\/costadelleparracine.it\/wp-content\/uploads\/2025\/03\/Vector-8.png\" class=\"attachment-large size-large wp-image-416\" alt=\"\" \/>\t\t\t\t\t\t\t\t\t\t\t\t\t\t\t<\/div>\n\t\t\t\t<\/div>\n\t\t\t\t<\/div>\n\t\t<div class=\"elementor-element elementor-element-dd13e38 e-con-full e-flex e-con e-child\" data-id=\"dd13e38\" data-element_type=\"container\">\n\t\t\t\t<div class=\"elementor-element elementor-element-cc65423 elementor-widget elementor-widget-heading\" data-id=\"cc65423\" data-element_type=\"widget\" data-widget_type=\"heading.default\">\n\t\t\t\t<div class=\"elementor-widget-container\">\n\t\t\t\t\t<h2 class=\"elementor-heading-title elementor-size-default\"><a href=\"https:\/\/costadelleparracine.it\/de\/weinberge\/\">ENTDECKEN SIE DIE WEINBERGE<\/a><\/h2>\t\t\t\t<\/div>\n\t\t\t\t<\/div>\n\t\t\t\t<\/div>\n\t\t<div class=\"elementor-element elementor-element-5d5d4f8 e-con-full e-flex e-con e-child\" data-id=\"5d5d4f8\" data-element_type=\"container\">\n\t\t\t\t<div class=\"elementor-element elementor-element-b8e896f elementor-widget elementor-widget-image\" data-id=\"b8e896f\" data-element_type=\"widget\" data-widget_type=\"image.default\">\n\t\t\t\t<div class=\"elementor-widget-container\">\n\t\t\t\t\t\t\t\t\t\t\t\t\t\t\t<img decoding=\"async\" width=\"24\" height=\"2\" src=\"https:\/\/costadelleparracine.it\/wp-content\/uploads\/2025\/03\/Vector-8.png\" class=\"attachment-large size-large wp-image-416\" alt=\"\" \/>\t\t\t\t\t\t\t\t\t\t\t\t\t\t\t<\/div>\n\t\t\t\t<\/div>\n\t\t\t\t<\/div>\n\t\t\t\t<\/div>\n\t\t\t\t<\/div>\n\t\t\t\t\t<\/div>\n\t\t\t\t<\/div>\n\t\t<div class=\"elementor-element elementor-element-741768c e-con-full e-flex e-con e-parent\" data-id=\"741768c\" data-element_type=\"container\" data-settings=\"{&quot;background_background&quot;:&quot;classic&quot;}\">\n\t\t\t\t<\/div>\n\t\t\t\t<\/div>\n\t\t","protected":false},"excerpt":{"rendered":"<p>ISCHIA geschichte eines territoriums ISCHIA geschichte eines territoriums Eine alte Geschichte Die Weinproduktion auf Ischia hat sehr alte Urspr\u00fcnge, die bis ins fr\u00fche Mittelalter zur\u00fcckreichen. Die Entdeckung von Amphoren f\u00fcr den Weinhandel geht wahrscheinlich auf das 9. Jahrhundert n. Chr. zur\u00fcck. Ein Dokument aus dem Jahr 1036 n. Chr. (Verm\u00e4chtnis des Grafen Marino und seiner [&hellip;]<\/p>\n","protected":false},"author":1,"featured_media":0,"parent":0,"menu_order":0,"comment_status":"closed","ping_status":"closed","template":"elementor_header_footer","meta":{"inline_featured_image":false,"footnotes":""},"class_list":["post-581","page","type-page","status-publish","hentry"],"_links":{"self":[{"href":"https:\/\/costadelleparracine.it\/de\/wp-json\/wp\/v2\/pages\/581","targetHints":{"allow":["GET"]}}],"collection":[{"href":"https:\/\/costadelleparracine.it\/de\/wp-json\/wp\/v2\/pages"}],"about":[{"href":"https:\/\/costadelleparracine.it\/de\/wp-json\/wp\/v2\/types\/page"}],"author":[{"embeddable":true,"href":"https:\/\/costadelleparracine.it\/de\/wp-json\/wp\/v2\/users\/1"}],"replies":[{"embeddable":true,"href":"https:\/\/costadelleparracine.it\/de\/wp-json\/wp\/v2\/comments?post=581"}],"version-history":[{"count":19,"href":"https:\/\/costadelleparracine.it\/de\/wp-json\/wp\/v2\/pages\/581\/revisions"}],"predecessor-version":[{"id":946,"href":"https:\/\/costadelleparracine.it\/de\/wp-json\/wp\/v2\/pages\/581\/revisions\/946"}],"wp:attachment":[{"href":"https:\/\/costadelleparracine.it\/de\/wp-json\/wp\/v2\/media?parent=581"}],"curies":[{"name":"wp","href":"https:\/\/api.w.org\/{rel}","templated":true}]}}